{"id":6,"date":"2007-10-28T01:43:37","date_gmt":"2007-10-27T23:43:37","guid":{"rendered":"http:\/\/www.juhospiroska.hu\/wpp\/?page_id=6"},"modified":"2011-01-21T11:06:35","modified_gmt":"2011-01-21T10:06:35","slug":"rendelesi-ido","status":"publish","type":"page","link":"http:\/\/www.juhospiroska.hu\/?page_id=6","title":{"rendered":"A k\u00e9t rendel\u0151"},"content":{"rendered":"<h1>A budai rendel\u0151<\/h1>\n<p>1021 Budapest, Kap\u00e1s u. 26-44. Oculomed Optika \u00e9s Szem\u00e9szeti Rendel\u0151<\/p>\n<p><strong>T\u00e9rk\u00e9p<\/strong><br \/>\n<iframe loading=\"lazy\" src=\"http:\/\/maps.google.com\/maps\/ms?ie=UTF8&amp;hl=en&amp;msa=0&amp;msid=115829393721630874608.00047eb87a1636e77f190&amp;ll=47.510462,19.034178&amp;spn=0.005725,0.012853&amp;z=16&amp;output=embed\" marginheight=\"0\" marginwidth=\"0\" frameborder=\"0\" height=\"395\" scrolling=\"no\" width=\"600\"><\/iframe><\/p>\n<p><strong>K\u00e9pek az utc\u00e1r\u00f3l \u00e9s a h\u00e1zakr\u00f3l<\/strong><br \/>\nAz \u00e9p\u00fcletet Hajnal Zsolt Ybl-d\u00edjas \u00e9p\u00edt\u00e9sz \u00e9s irod\u00e1ja tervezte. Ez\u00e9rt a munk\u00e1juk\u00e9rt Budapest \u00c9p\u00edt\u00e9szeti N\u00edv\u00f3d\u00edj 2005 eml\u00e9k\u00e9rmet kaptak. <a href=\"http:\/\/archivum.epiteszforum.hu\/holmi_detailed.php?mhmid=3453\" target=\"_blank\">B\u0151vebben a h\u00e1zr\u00f3l az \u00c9p\u00edt\u00e9sz F\u00f3rumon olvashat<\/a>.<br \/>\n<img loading=\"lazy\" decoding=\"async\" src=\"http:\/\/www.juhospiroska.hu\/wp-content\/kapas_1.jpg\" title=\"fot\u00f3: Haider Andrea, epiteszforum.hu\" height=\"395\" width=\"292\" \/> <img loading=\"lazy\" decoding=\"async\" src=\"http:\/\/www.juhospiroska.hu\/wp-content\/kapas_2.jpg\" title=\"fot\u00f3: Haider Andrea, epiteszforum.hu\" height=\"395\" width=\"292\" \/><\/p>\n<p><strong>Megk\u00f6zel\u00edt\u00e9s \u00e9s parkol\u00e1s<\/strong><br \/>\nT\u00f6megk\u00f6zleked\u00e9ssel javasoljuk a 4-6-os villamost (Mechwart liget) vagy a 11-es buszt (Fazekas utca). Az aut\u00f3val \u00e9rkez\u0151k vegy\u00e9k figyelembe, hogy a k\u00f6rny\u00e9ken az utcai parkol\u00e1s fizet\u0151s. Ingyenesen lehet meg\u00e1llni a F\u0151 utc\u00e1ban \u00e9s a Budai Als\u00f3 rakpart P+R szakasz\u00e1n.<\/p>\n<h1 style=\"margin-top: 36px\">A pesti rendel\u0151<\/h1>\n<p>A Dimenzi\u00f3 Eg\u00e9szs\u00e9gk\u00f6zpont c\u00edme: 1054 Budapest, V\u00e9csey u. 3.<\/p>\n<p><strong>T\u00e9rk\u00e9p<\/strong><br \/>\n<iframe loading=\"lazy\" src=\"http:\/\/maps.google.com\/maps\/ms?ie=UTF8&amp;hl=en&amp;msa=0&amp;msid=115829393721630874608.00047eb8a3f6fde84e2a3&amp;ll=47.504968,19.050229&amp;spn=0.005726,0.012853&amp;z=16&amp;output=embed\" marginheight=\"0\" marginwidth=\"0\" frameborder=\"0\" height=\"395\" scrolling=\"no\" width=\"600\"><\/iframe><\/p>\n<p><strong>Megk\u00f6zel\u00edt\u00e9s \u00e9s parkol\u00e1s<\/strong><br \/>\nParkol\u00e1s legegyszer\u0171bb a Szabads\u00e1g t\u00e9ri m\u00e9lygar\u00e1zsban, a felsz\u00ednen nehezen lehet szabad helyet tal\u00e1lni. A 2-es metr\u00f3 Kossuth t\u00e9ri meg\u00e1ll\u00f3ja n\u00e9h\u00e1ny percre van a rendel\u0151t\u0151l, de a 3-as metr\u00f3 Arany J\u00e1nos utcai meg\u00e1ll\u00f3ja sincs messze, kellemes s\u00e9t\u00e1t lehet tenni a Szabads\u00e1g t\u00e9ren. Gyermekes sz\u00fcl\u0151knek: 2 kit\u0171n\u0151 j\u00e1tsz\u00f3t\u00e9r tal\u00e1lhat\u00f3 a t\u00e9ren, \u00e9s a t\u00e9r Okt\u00f3ber 6. utcai v\u00e9g\u00e9n\u00e9l m\u00f3k\u00e1s sz\u00f6k\u0151k\u00fat van.<\/p>\n","protected":false},"excerpt":{"rendered":"<p>A budai rendel\u0151 1021 Budapest, Kap\u00e1s u. 26-44. Oculomed Optika \u00e9s Szem\u00e9szeti Rendel\u0151 T\u00e9rk\u00e9p K\u00e9pek az utc\u00e1r\u00f3l \u00e9s a h\u00e1zakr\u00f3l Az \u00e9p\u00fcletet Hajnal Zsolt Ybl-d\u00edjas \u00e9p\u00edt\u00e9sz \u00e9s irod\u00e1ja tervezte. Ez\u00e9rt a munk\u00e1juk\u00e9rt Budapest \u00c9p\u00edt\u00e9szeti N\u00edv\u00f3d\u00edj 2005 eml\u00e9k\u00e9rmet kaptak. B\u0151vebben a h\u00e1zr\u00f3l az \u00c9p\u00edt\u00e9sz F\u00f3rumon olvashat. Megk\u00f6zel\u00edt\u00e9s \u00e9s parkol\u00e1s T\u00f6megk\u00f6zleked\u00e9ssel javasoljuk a 4-6-os villamost (Mechwart liget) [&hellip;]<\/p>\n","protected":false},"author":2,"featured_media":0,"parent":0,"menu_order":0,"comment_status":"closed","ping_status":"closed","template":"","meta":{"footnotes":""},"_links":{"self":[{"href":"http:\/\/www.juhospiroska.hu\/index.php?rest_route=\/wp\/v2\/pages\/6"}],"collection":[{"href":"http:\/\/www.juhospiroska.hu\/index.php?rest_route=\/wp\/v2\/pages"}],"about":[{"href":"http:\/\/www.juhospiroska.hu\/index.php?rest_route=\/wp\/v2\/types\/page"}],"author":[{"embeddable":true,"href":"http:\/\/www.juhospiroska.hu\/index.php?rest_route=\/wp\/v2\/users\/2"}],"replies":[{"embeddable":true,"href":"http:\/\/www.juhospiroska.hu\/index.php?rest_route=%2Fwp%2Fv2%2Fcomments&post=6"}],"version-history":[{"count":1,"href":"http:\/\/www.juhospiroska.hu\/index.php?rest_route=\/wp\/v2\/pages\/6\/revisions"}],"predecessor-version":[{"id":84,"href":"http:\/\/www.juhospiroska.hu\/index.php?rest_route=\/wp\/v2\/pages\/6\/revisions\/84"}],"wp:attachment":[{"href":"http:\/\/www.juhospiroska.hu\/index.php?rest_route=%2Fwp%2Fv2%2Fmedia&parent=6"}],"curies":[{"name":"wp","href":"https:\/\/api.w.org\/{rel}","templated":true}]}}