{"id":196,"date":"2020-03-16T09:31:32","date_gmt":"2020-03-16T08:31:32","guid":{"rendered":"http:\/\/www.juhospiroska.hu\/?page_id=196"},"modified":"2020-10-20T10:19:44","modified_gmt":"2020-10-20T09:19:44","slug":"korona-virus","status":"publish","type":"page","link":"http:\/\/www.juhospiroska.hu\/?page_id=196","title":{"rendered":"Koronav\u00edrus"},"content":{"rendered":"<p>Tisztelt P\u00e1cienseim! A koronav\u00edrus j\u00e1rv\u00e1ny miatt mindk\u00e9t rendel\u00e9sem bizonytalan ideig sz\u00fcnetel. K\u00e9rem meg\u00e9rt\u00e9s\u00fcket. Rem\u00e9lem, a j\u00e1rv\u00e1ny hamar elvonul, \u00e9s ism\u00e9t a rendelkez\u00e9s\u00fckre \u00e1llhatok.<\/p>\n","protected":false},"excerpt":{"rendered":"<p>Tisztelt P\u00e1cienseim! A koronav\u00edrus j\u00e1rv\u00e1ny miatt mindk\u00e9t rendel\u00e9sem bizonytalan ideig sz\u00fcnetel. K\u00e9rem meg\u00e9rt\u00e9s\u00fcket. Rem\u00e9lem, a j\u00e1rv\u00e1ny hamar elvonul, \u00e9s ism\u00e9t a rendelkez\u00e9s\u00fckre \u00e1llhatok.<\/p>\n","protected":false},"author":3,"featured_media":0,"parent":0,"menu_order":0,"comment_status":"open","ping_status":"open","template":"","meta":{"footnotes":""},"_links":{"self":[{"href":"http:\/\/www.juhospiroska.hu\/index.php?rest_route=\/wp\/v2\/pages\/196"}],"collection":[{"href":"http:\/\/www.juhospiroska.hu\/index.php?rest_route=\/wp\/v2\/pages"}],"about":[{"href":"http:\/\/www.juhospiroska.hu\/index.php?rest_route=\/wp\/v2\/types\/page"}],"author":[{"embeddable":true,"href":"http:\/\/www.juhospiroska.hu\/index.php?rest_route=\/wp\/v2\/users\/3"}],"replies":[{"embeddable":true,"href":"http:\/\/www.juhospiroska.hu\/index.php?rest_route=%2Fwp%2Fv2%2Fcomments&post=196"}],"version-history":[{"count":4,"href":"http:\/\/www.juhospiroska.hu\/index.php?rest_route=\/wp\/v2\/pages\/196\/revisions"}],"predecessor-version":[{"id":217,"href":"http:\/\/www.juhospiroska.hu\/index.php?rest_route=\/wp\/v2\/pages\/196\/revisions\/217"}],"wp:attachment":[{"href":"http:\/\/www.juhospiroska.hu\/index.php?rest_route=%2Fwp%2Fv2%2Fmedia&parent=196"}],"curies":[{"name":"wp","href":"https:\/\/api.w.org\/{rel}","templated":true}]}}