{"id":14,"date":"2007-11-27T00:13:26","date_gmt":"2007-11-26T22:13:26","guid":{"rendered":"http:\/\/www.juhospiroska.hu\/?page_id=14"},"modified":"2015-06-09T07:54:56","modified_gmt":"2015-06-09T06:54:56","slug":"elojegyzes","status":"publish","type":"page","link":"http:\/\/www.juhospiroska.hu\/?page_id=14","title":{"rendered":"El\u0151jegyz\u00e9s"},"content":{"rendered":"<p>A Kap\u00e1s utcai rendel\u00e9s (Oculomed <a title=\"Szem\u00e9szeti \u00e9s Optikai Bet\u00e9ti t\u00e1rsas\u00e1g\" href=\"http:\/\/www.oculomed.hu\/\" target=\"_blank\">Szem\u00e9szeti \u00e9s Optikai Bet\u00e9ti t\u00e1rsas\u00e1g<\/a> rendel\u0151j\u00e9ben) ideje szeptember 15-t\u0151l megv\u00e1ltozik : p\u00e9ntek helyett <em><strong>cs\u00fct\u00f6rt\u00f6k\u00f6n<\/strong><\/em>,\u00a0 10 \u00f3r\u00e1t\u00f3l. Vizsg\u00e1latra el\u0151jegyz\u00e9s munkanapokon 10-18 \u00f3ra k\u00f6z\u00f6tt a k\u00f6vetkez\u0151 telefonsz\u00e1mon:<br \/>\n+36 1 2015235<\/p>\n<p>A <a title=\"Dimenzi\u00f3 Eg\u00e9szs\u00e9gk\u00f6zpont\" href=\"http:\/\/www.dimenzio.net\/\" target=\"_blank\">Dimenzi\u00f3 Eg\u00e9szs\u00e9gk\u00f6zpont<\/a>ban (V. V\u00e9csey u.3.):\u00a0 kedd 8-13 \u00f3ra k\u00f6z\u00f6tt \u00a0 kiz\u00e1r\u00f3lag el\u0151zetes telefonmegbesz\u00e9l\u00e9s alapj\u00e1n: +36 1 4884870<\/p>\n<p>&nbsp;<\/p>\n","protected":false},"excerpt":{"rendered":"<p>A Kap\u00e1s utcai rendel\u00e9s (Oculomed Szem\u00e9szeti \u00e9s Optikai Bet\u00e9ti t\u00e1rsas\u00e1g rendel\u0151j\u00e9ben) ideje szeptember 15-t\u0151l megv\u00e1ltozik : p\u00e9ntek helyett cs\u00fct\u00f6rt\u00f6k\u00f6n,\u00a0 10 \u00f3r\u00e1t\u00f3l. Vizsg\u00e1latra el\u0151jegyz\u00e9s munkanapokon 10-18 \u00f3ra k\u00f6z\u00f6tt a k\u00f6vetkez\u0151 telefonsz\u00e1mon: +36 1 2015235 A Dimenzi\u00f3 Eg\u00e9szs\u00e9gk\u00f6zpontban (V. V\u00e9csey u.3.):\u00a0 kedd 8-13 \u00f3ra k\u00f6z\u00f6tt \u00a0 kiz\u00e1r\u00f3lag el\u0151zetes telefonmegbesz\u00e9l\u00e9s alapj\u00e1n: +36 1 4884870 &nbsp;<\/p>\n","protected":false},"author":3,"featured_media":0,"parent":0,"menu_order":0,"comment_status":"closed","ping_status":"closed","template":"","meta":{"footnotes":""},"_links":{"self":[{"href":"http:\/\/www.juhospiroska.hu\/index.php?rest_route=\/wp\/v2\/pages\/14"}],"collection":[{"href":"http:\/\/www.juhospiroska.hu\/index.php?rest_route=\/wp\/v2\/pages"}],"about":[{"href":"http:\/\/www.juhospiroska.hu\/index.php?rest_route=\/wp\/v2\/types\/page"}],"author":[{"embeddable":true,"href":"http:\/\/www.juhospiroska.hu\/index.php?rest_route=\/wp\/v2\/users\/3"}],"replies":[{"embeddable":true,"href":"http:\/\/www.juhospiroska.hu\/index.php?rest_route=%2Fwp%2Fv2%2Fcomments&post=14"}],"version-history":[{"count":4,"href":"http:\/\/www.juhospiroska.hu\/index.php?rest_route=\/wp\/v2\/pages\/14\/revisions"}],"predecessor-version":[{"id":104,"href":"http:\/\/www.juhospiroska.hu\/index.php?rest_route=\/wp\/v2\/pages\/14\/revisions\/104"}],"wp:attachment":[{"href":"http:\/\/www.juhospiroska.hu\/index.php?rest_route=%2Fwp%2Fv2%2Fmedia&parent=14"}],"curies":[{"name":"wp","href":"https:\/\/api.w.org\/{rel}","templated":true}]}}