{"id":130,"date":"2014-08-29T10:48:12","date_gmt":"2014-08-29T09:48:12","guid":{"rendered":"http:\/\/www.juhospiroska.hu\/?page_id=130"},"modified":"2015-01-12T17:39:03","modified_gmt":"2015-01-12T16:39:03","slug":"rendeles-szuneteltetese","status":"publish","type":"page","link":"http:\/\/www.juhospiroska.hu\/?page_id=130","title":{"rendered":"Rendel\u00e9s sz\u00fcneteltet\u00e9se"},"content":{"rendered":"<p>Tisztelt P\u00e1cienseim! Sajnos, eg\u00e9szs\u00e9gi okok miatt rendel\u00e9seimet sz\u00fcneteltetni vagyok k\u00e9nytelen. Halaszthatatlan \u00fcgyekben forduljanak koll\u00e9gan\u0151mh\u00f6z, dr. Csord\u00e1s Erik\u00e1hoz (Oculomed Bt. II. Kap\u00e1s u. 26-44\/b), aki el\u0151jegyz\u00e9s alapj\u00e1n h\u00e9tf\u0151n \u00e9s szerd\u00e1n fogadja p\u00e1cienseit (el\u0151jegyz\u00e9s a +3612015235-\u00f6s telefonon). Ha ism\u00e9t munkak\u00e9pes leszek, honlapomon \u00e9rtes\u00edtem \u00d6n\u00f6ket. \u00dcdv\u00f6zlettel: dr.Juhos Piroska<\/p>\n<p><strong>\u00d6r\u00f6mmel \u00e9rtes\u00edtem \u00d6n\u00f6ket, hogy febru\u00e1r elsej\u00e9t\u0151l ism\u00e9t rendelek (ld. el\u0151jegyz\u00e9s)<\/strong><\/p>\n","protected":false},"excerpt":{"rendered":"<p>Tisztelt P\u00e1cienseim! Sajnos, eg\u00e9szs\u00e9gi okok miatt rendel\u00e9seimet sz\u00fcneteltetni vagyok k\u00e9nytelen. Halaszthatatlan \u00fcgyekben forduljanak koll\u00e9gan\u0151mh\u00f6z, dr. Csord\u00e1s Erik\u00e1hoz (Oculomed Bt. II. Kap\u00e1s u. 26-44\/b), aki el\u0151jegyz\u00e9s alapj\u00e1n h\u00e9tf\u0151n \u00e9s szerd\u00e1n fogadja p\u00e1cienseit (el\u0151jegyz\u00e9s a +3612015235-\u00f6s telefonon). Ha ism\u00e9t munkak\u00e9pes leszek, honlapomon \u00e9rtes\u00edtem \u00d6n\u00f6ket. \u00dcdv\u00f6zlettel: dr.Juhos Piroska \u00d6r\u00f6mmel \u00e9rtes\u00edtem \u00d6n\u00f6ket, hogy febru\u00e1r elsej\u00e9t\u0151l ism\u00e9t rendelek (ld. el\u0151jegyz\u00e9s)<\/p>\n","protected":false},"author":3,"featured_media":0,"parent":0,"menu_order":0,"comment_status":"open","ping_status":"open","template":"","meta":{"footnotes":""},"_links":{"self":[{"href":"http:\/\/www.juhospiroska.hu\/index.php?rest_route=\/wp\/v2\/pages\/130"}],"collection":[{"href":"http:\/\/www.juhospiroska.hu\/index.php?rest_route=\/wp\/v2\/pages"}],"about":[{"href":"http:\/\/www.juhospiroska.hu\/index.php?rest_route=\/wp\/v2\/types\/page"}],"author":[{"embeddable":true,"href":"http:\/\/www.juhospiroska.hu\/index.php?rest_route=\/wp\/v2\/users\/3"}],"replies":[{"embeddable":true,"href":"http:\/\/www.juhospiroska.hu\/index.php?rest_route=%2Fwp%2Fv2%2Fcomments&post=130"}],"version-history":[{"count":3,"href":"http:\/\/www.juhospiroska.hu\/index.php?rest_route=\/wp\/v2\/pages\/130\/revisions"}],"predecessor-version":[{"id":131,"href":"http:\/\/www.juhospiroska.hu\/index.php?rest_route=\/wp\/v2\/pages\/130\/revisions\/131"}],"wp:attachment":[{"href":"http:\/\/www.juhospiroska.hu\/index.php?rest_route=%2Fwp%2Fv2%2Fmedia&parent=130"}],"curies":[{"name":"wp","href":"https:\/\/api.w.org\/{rel}","templated":true}]}}